{"id":309,"date":"2020-01-13T11:17:52","date_gmt":"2020-01-13T11:17:52","guid":{"rendered":"https:\/\/demosites.io\/web-agency-gb\/?page_id=5"},"modified":"2024-01-20T13:37:14","modified_gmt":"2024-01-20T13:37:14","slug":"15c42-web-agency-gb-home","status":"publish","type":"page","link":"http:\/\/www.neoworm.com\/","title":{"rendered":"Home"},"content":{"rendered":"\n<div class=\"wp-block-cover alignfull\" style=\"min-height:700px\"><span aria-hidden=\"true\" class=\"wp-block-cover__background has-background-dim-0 has-background-dim\"><\/span><img loading=\"lazy\" decoding=\"async\" width=\"2176\" height=\"1765\" class=\"wp-block-cover__image-background wp-image-393\" alt=\"\" src=\"http:\/\/www.neoworm.com\/wp-content\/uploads\/2024\/01\/resim.php-19.jpeg\" style=\"object-position:57% 74%\" data-object-fit=\"cover\" data-object-position=\"57% 74%\" srcset=\"http:\/\/www.neoworm.com\/wp-content\/uploads\/2024\/01\/resim.php-19.jpeg 2176w, http:\/\/www.neoworm.com\/wp-content\/uploads\/2024\/01\/resim.php-19-300x243.jpeg 300w, http:\/\/www.neoworm.com\/wp-content\/uploads\/2024\/01\/resim.php-19-1024x831.jpeg 1024w, http:\/\/www.neoworm.com\/wp-content\/uploads\/2024\/01\/resim.php-19-768x623.jpeg 768w, http:\/\/www.neoworm.com\/wp-content\/uploads\/2024\/01\/resim.php-19-1536x1246.jpeg 1536w, http:\/\/www.neoworm.com\/wp-content\/uploads\/2024\/01\/resim.php-19-2048x1661.jpeg 2048w, http:\/\/www.neoworm.com\/wp-content\/uploads\/2024\/01\/resim.php-19-1331x1080.jpeg 1331w\" sizes=\"(max-width: 2176px) 100vw, 2176px\" \/><div class=\"wp-block-cover__inner-container is-layout-flow wp-block-cover-is-layout-flow\">\n<div style=\"height:80px\" aria-hidden=\"true\" class=\"wp-block-spacer\"><\/div>\n\n\n\n<div class=\"wp-block-buttons is-horizontal is-content-justification-center is-layout-flex wp-container-core-buttons-layout-1 wp-block-buttons-is-layout-flex\"><\/div>\n\n\n\n<div style=\"height:80px\" aria-hidden=\"true\" class=\"wp-block-spacer\"><\/div>\n\n\n\n<div style=\"height:80px\" aria-hidden=\"true\" class=\"wp-block-spacer\"><\/div>\n<\/div><\/div>\n\n\n\n<div style=\"height:80px\" aria-hidden=\"true\" class=\"wp-block-spacer\"><\/div>\n\n\n\n<div class=\"wp-block-columns is-layout-flex wp-container-core-columns-layout-1 wp-block-columns-is-layout-flex\">\n<div class=\"wp-block-column is-layout-flow wp-block-column-is-layout-flow\"><div class=\"wp-block-image icon-style is-style-rounded\">\n<figure class=\"aligncenter size-large\"><img loading=\"lazy\" decoding=\"async\" width=\"72\" height=\"72\" src=\"http:\/\/www.neoworm.com\/wp-content\/uploads\/2020\/01\/neve-webdesign-GB-03.png\" alt=\"\" class=\"wp-image-20\" title=\"\"\/><\/figure><\/div>\n\n\n<div style=\"height:0px\" aria-hidden=\"true\" class=\"wp-block-spacer\"><\/div>\n\n\n\n<h3 class=\"wp-block-heading has-text-align-center has-neve-text-color-color has-text-color\"><strong>Do\u011fadan Esinlenen Besleyici Form\u00fcl<\/strong><\/h3>\n\n\n\n<div style=\"height:38px\" aria-hidden=\"true\" class=\"wp-block-spacer\"><\/div>\n<\/div>\n\n\n\n<div class=\"wp-block-column is-layout-flow wp-block-column-is-layout-flow\"><div class=\"wp-block-image icon-style is-style-rounded\">\n<figure class=\"aligncenter size-large\"><img loading=\"lazy\" decoding=\"async\" width=\"72\" height=\"72\" src=\"http:\/\/www.neoworm.com\/wp-content\/uploads\/2020\/01\/neve-webdesign-GB-04.png\" alt=\"\" class=\"wp-image-21\"\/><\/figure><\/div>\n\n\n<div style=\"height:20px\" aria-hidden=\"true\" class=\"wp-block-spacer\"><\/div>\n\n\n\n<h3 class=\"wp-block-heading has-text-align-center has-neve-text-color-color has-text-color\"><strong>S\u0131v\u0131 Formuyla H\u0131zl\u0131 N\u00fcfuz, Zengin Toprak<\/strong><\/h3>\n\n\n\n<p class=\"has-text-align-center\">Bu \u00f6zel g\u00fcbre, s\u0131v\u0131 formu sayesinde bitki k\u00f6klerine h\u0131zla n\u00fcfuz eder, topra\u011f\u0131n\u0131z\u0131 zenginle\u015ftirir ve do\u011fal b\u00fcy\u00fcmeyi destekler.<\/p>\n\n\n\n<div style=\"height:20px\" aria-hidden=\"true\" class=\"wp-block-spacer\"><\/div>\n<\/div>\n\n\n\n<div class=\"wp-block-column is-layout-flow wp-block-column-is-layout-flow\"><div class=\"wp-block-image icon-style is-style-rounded\">\n<figure class=\"aligncenter size-large\"><img decoding=\"async\" src=\"http:\/\/www.neoworm.com\/wp-content\/uploads\/2020\/01\/neve-webdesign-GB-01.png\" alt=\"\" class=\"wp-image-18\"\/><\/figure><\/div>\n\n\n<div style=\"height:20px\" aria-hidden=\"true\" class=\"wp-block-spacer\"><\/div>\n\n\n\n<h3 class=\"wp-block-heading has-text-align-center has-neve-text-color-color has-text-color\"><strong>\u00c7evre Dostu Tar\u0131m\u0131n Anahtar\u0131<\/strong><\/h3>\n\n\n\n<p class=\"has-text-align-center\">Organik s\u0131v\u0131 solucan g\u00fcbresi, \u00e7evreye duyarl\u0131 bir yakla\u015f\u0131mla \u00fcretilmi\u015f olup, \u00e7evre dostu tar\u0131m\u0131n temelini olu\u015fturarak sa\u011fl\u0131kl\u0131 bir bah\u00e7e deneyimi sunar.<\/p>\n\n\n\n<div style=\"height:20px\" aria-hidden=\"true\" class=\"wp-block-spacer\"><\/div>\n<\/div>\n<\/div>\n\n\n\n<div style=\"height:80px\" aria-hidden=\"true\" class=\"wp-block-spacer\"><\/div>\n\n\n\n<div class=\"wp-block-cover alignfull is-repeated\" style=\"min-height:600px\"><span aria-hidden=\"true\" class=\"wp-block-cover__background has-nv-light-bg-background-color has-background-dim\"><\/span><div role=\"img\" class=\"wp-block-cover__image-background wp-image-385 is-repeated\" style=\"background-position:48% 77%;background-image:url(http:\/\/www.neoworm.com\/wp-content\/uploads\/2024\/01\/resim.php-7.jpeg)\"><\/div><div class=\"wp-block-cover__inner-container is-layout-flow wp-block-cover-is-layout-flow\">\n<div class=\"wp-block-group is-layout-flow wp-block-group-is-layout-flow\"><div class=\"wp-block-group__inner-container\">\n<div style=\"height:80px\" aria-hidden=\"true\" class=\"wp-block-spacer\"><\/div>\n\n\n\n<div class=\"wp-block-columns are-vertically-aligned-center is-layout-flex wp-container-core-columns-layout-2 wp-block-columns-is-layout-flex\">\n<div class=\"wp-block-column is-vertically-aligned-center is-layout-flow wp-block-column-is-layout-flow\" style=\"flex-basis:50%\"><\/div>\n\n\n\n<div class=\"wp-block-column is-vertically-aligned-center is-layout-flow wp-block-column-is-layout-flow\" style=\"flex-basis:50%\">\n<div style=\"height:20px\" aria-hidden=\"true\" class=\"wp-block-spacer\"><\/div>\n\n\n\n<div class=\"wp-block-buttons is-horizontal is-content-justification-left is-layout-flex wp-container-core-buttons-layout-2 wp-block-buttons-is-layout-flex\"><\/div>\n<\/div>\n<\/div>\n\n\n\n<div style=\"height:40px\" aria-hidden=\"true\" class=\"wp-block-spacer\"><\/div>\n<\/div><\/div>\n<\/div><\/div>\n\n\n\n<div class=\"wp-block-cover alignfull\" style=\"min-height:600px\"><span aria-hidden=\"true\" class=\"wp-block-cover__background has-nv-site-bg-background-color has-background-dim\"><\/span><img loading=\"lazy\" decoding=\"async\" width=\"2176\" height=\"1765\" class=\"wp-block-cover__image-background wp-image-393\" alt=\"\" src=\"http:\/\/www.neoworm.com\/wp-content\/uploads\/2024\/01\/resim.php-19.jpeg\" style=\"object-position:50% 72%\" data-object-fit=\"cover\" data-object-position=\"50% 72%\" srcset=\"http:\/\/www.neoworm.com\/wp-content\/uploads\/2024\/01\/resim.php-19.jpeg 2176w, http:\/\/www.neoworm.com\/wp-content\/uploads\/2024\/01\/resim.php-19-300x243.jpeg 300w, http:\/\/www.neoworm.com\/wp-content\/uploads\/2024\/01\/resim.php-19-1024x831.jpeg 1024w, http:\/\/www.neoworm.com\/wp-content\/uploads\/2024\/01\/resim.php-19-768x623.jpeg 768w, http:\/\/www.neoworm.com\/wp-content\/uploads\/2024\/01\/resim.php-19-1536x1246.jpeg 1536w, http:\/\/www.neoworm.com\/wp-content\/uploads\/2024\/01\/resim.php-19-2048x1661.jpeg 2048w, http:\/\/www.neoworm.com\/wp-content\/uploads\/2024\/01\/resim.php-19-1331x1080.jpeg 1331w\" sizes=\"(max-width: 2176px) 100vw, 2176px\" \/><div class=\"wp-block-cover__inner-container is-layout-flow wp-block-cover-is-layout-flow\">\n<div class=\"wp-block-group is-layout-flow wp-block-group-is-layout-flow\"><div class=\"wp-block-group__inner-container\">\n<div style=\"height:80px\" aria-hidden=\"true\" class=\"wp-block-spacer\"><\/div>\n\n\n\n<div class=\"wp-block-columns are-vertically-aligned-center is-layout-flex wp-container-core-columns-layout-3 wp-block-columns-is-layout-flex\">\n<div class=\"wp-block-column is-vertically-aligned-center is-layout-flow wp-block-column-is-layout-flow\" style=\"flex-basis:50%\"><\/div>\n<\/div>\n\n\n\n<div style=\"height:40px\" aria-hidden=\"true\" class=\"wp-block-spacer\"><\/div>\n<\/div><\/div>\n<\/div><\/div>\n\n\n\n<div class=\"wp-block-cover alignfull is-light\" style=\"min-height:600px\"><span aria-hidden=\"true\" class=\"wp-block-cover__background has-nv-dark-bg-background-color has-background-dim\"><\/span><div class=\"wp-block-cover__inner-container is-layout-flow wp-block-cover-is-layout-flow\">\n<div class=\"wp-block-group is-layout-flow wp-block-group-is-layout-flow\"><div class=\"wp-block-group__inner-container\">\n<div style=\"height:80px\" aria-hidden=\"true\" class=\"wp-block-spacer\"><\/div>\n\n\n\n<div class=\"wp-block-columns are-vertically-aligned-center is-layout-flex wp-container-core-columns-layout-4 wp-block-columns-is-layout-flex\">\n<div class=\"wp-block-column is-vertically-aligned-center is-layout-flow wp-block-column-is-layout-flow\" style=\"flex-basis:50%\">\n<figure class=\"wp-block-image size-large is-style-rounded\"><img loading=\"lazy\" decoding=\"async\" width=\"600\" height=\"600\" src=\"http:\/\/www.neoworm.com\/wp-content\/uploads\/2020\/01\/neve-web-design-bg-08.jpg\" alt=\"\" class=\"wp-image-35\" srcset=\"http:\/\/www.neoworm.com\/wp-content\/uploads\/2020\/01\/neve-web-design-bg-08.jpg 600w, http:\/\/www.neoworm.com\/wp-content\/uploads\/2020\/01\/neve-web-design-bg-08-300x300.jpg 300w, http:\/\/www.neoworm.com\/wp-content\/uploads\/2020\/01\/neve-web-design-bg-08-150x150.jpg 150w\" sizes=\"(max-width: 600px) 100vw, 600px\" \/><\/figure>\n<\/div>\n\n\n\n<div class=\"wp-block-column is-vertically-aligned-center is-layout-flow wp-block-column-is-layout-flow\" style=\"flex-basis:50%\">\n<div style=\"height:40px\" aria-hidden=\"true\" class=\"wp-block-spacer\"><\/div>\n\n\n\n<h3 class=\"wp-block-heading has-text-align-left has-nv-text-dark-bg-color has-text-color\">           BAH\u00c7EN\u0130Z PROFESYONELLERE EMANET<\/h3>\n\n\n\n<ol>\n<li><strong>Profesyonel Ziraat M\u00fchendisleriyle G\u00fcvende Kal\u0131n&#8221;<\/strong>Neoworm olarak, s\u0131v\u0131 solucan g\u00fcbresi sat\u0131\u015f\u0131nda size \u00f6zel bir avantaj sunuyoruz. Tecr\u00fcbeli ve uzman ziraat m\u00fchendislerimiz, bah\u00e7enizin ihtiya\u00e7lar\u0131na uygun \u00e7\u00f6z\u00fcmler sunmak i\u00e7in yan\u0131n\u0131zda. Yerinde destek alarak, bitkilerinizin en iyi performans\u0131 g\u00f6stermesini sa\u011flamak art\u0131k \u00e7ok daha kolay!<\/li>\n\n\n\n<li><strong>&#8220;Bah\u00e7enizi Profesyonel Ellere B\u0131rak\u0131n&#8221;<\/strong>S\u0131v\u0131 solucan g\u00fcbresi kullan\u0131m\u0131nda, deneyimli ziraat m\u00fchendislerimizle i\u015fbirli\u011fi yaparak bah\u00e7enizin verimlili\u011fini art\u0131rabilirsiniz. Size \u00f6zel tavsiyeler ve yerinde destek ile organik tar\u0131m\u0131n keyfini \u00e7\u0131kar\u0131n.<\/li>\n\n\n\n<li><strong>&#8220;Ziraat M\u00fchendislerimizle Bilin\u00e7li Tar\u0131m\u0131n Ad\u0131m\u0131n\u0131 At\u0131n&#8221;<\/strong>S\u0131v\u0131 solucan g\u00fcbresi konusunda sorular\u0131n\u0131z m\u0131 var? Neoworm&#8217;un profesyonel ziraat m\u00fchendisleri size rehberlik ediyor! Yerinde destek hizmetimizle bilin\u00e7li tar\u0131m\u0131n ad\u0131m\u0131n\u0131 at\u0131n ve bah\u00e7enizi uzman ellere emanet edin.<\/li>\n<\/ol>\n\n\n\n<div class=\"wp-block-buttons is-horizontal is-content-justification-left is-layout-flex wp-container-core-buttons-layout-3 wp-block-buttons-is-layout-flex\"><\/div>\n<\/div>\n<\/div>\n\n\n\n<div style=\"height:50px\" aria-hidden=\"true\" class=\"wp-block-spacer\"><\/div>\n<\/div><\/div>\n<\/div><\/div>\n\n\n\n<div class=\"wp-block-cover alignfull\" style=\"min-height:420px\"><span aria-hidden=\"true\" class=\"wp-block-cover__background has-nv-light-bg-background-color has-background-dim\"><\/span><img loading=\"lazy\" decoding=\"async\" width=\"2560\" height=\"1065\" class=\"wp-block-cover__image-background wp-image-392\" alt=\"\" src=\"http:\/\/www.neoworm.com\/wp-content\/uploads\/2024\/01\/IMG_0781-scaled-e1705743385670.jpeg\" style=\"object-position:56% 32%\" data-object-fit=\"cover\" data-object-position=\"56% 32%\" srcset=\"http:\/\/www.neoworm.com\/wp-content\/uploads\/2024\/01\/IMG_0781-scaled-e1705743385670.jpeg 2560w, http:\/\/www.neoworm.com\/wp-content\/uploads\/2024\/01\/IMG_0781-scaled-e1705743385670-300x125.jpeg 300w, http:\/\/www.neoworm.com\/wp-content\/uploads\/2024\/01\/IMG_0781-scaled-e1705743385670-1024x426.jpeg 1024w, http:\/\/www.neoworm.com\/wp-content\/uploads\/2024\/01\/IMG_0781-scaled-e1705743385670-768x320.jpeg 768w, http:\/\/www.neoworm.com\/wp-content\/uploads\/2024\/01\/IMG_0781-scaled-e1705743385670-1536x639.jpeg 1536w, http:\/\/www.neoworm.com\/wp-content\/uploads\/2024\/01\/IMG_0781-scaled-e1705743385670-2048x852.jpeg 2048w, http:\/\/www.neoworm.com\/wp-content\/uploads\/2024\/01\/IMG_0781-scaled-e1705743385670-1920x799.jpeg 1920w\" sizes=\"(max-width: 2560px) 100vw, 2560px\" \/><div class=\"wp-block-cover__inner-container is-layout-flow wp-block-cover-is-layout-flow\">\n<div style=\"height:80px\" aria-hidden=\"true\" class=\"wp-block-spacer\"><\/div>\n\n\n\n<div class=\"wp-block-columns is-layout-flex wp-container-core-columns-layout-5 wp-block-columns-is-layout-flex\">\n<div class=\"wp-block-column ticss-4ce656f1 is-layout-flow wp-block-column-is-layout-flow\">\n<div style=\"height:24px\" aria-hidden=\"true\" class=\"wp-block-spacer\"><\/div>\n\n\n\n<p class=\"has-text-align-left has-neve-text-color-color has-text-color\">Organik s\u0131v\u0131 solucan g\u00fcbresini kullanmaya ba\u015flad\u0131ktan sonra bah\u00e7emdeki bitkilerin sa\u011fl\u0131\u011f\u0131 g\u00f6zle g\u00f6r\u00fcl\u00fcr \u015fekilde artt\u0131. Meyve ve sebzelerim daha iri ve lezzetli hale geldi. Bu \u00fcr\u00fcn\u00fc herkesin denemesini tavsiye ederim!&#8221;<\/p>\n\n\n\n<p class=\"has-neve-text-color-color has-text-color\">HASAN KORKMAZ<\/p>\n\n\n\n<div style=\"height:20px\" aria-hidden=\"true\" class=\"wp-block-spacer\"><\/div>\n<\/div>\n\n\n\n<div class=\"wp-block-column ticss-f6fc7494 is-layout-flow wp-block-column-is-layout-flow\">\n<div style=\"height:24px\" aria-hidden=\"true\" class=\"wp-block-spacer\"><\/div>\n\n\n\n<p class=\"has-text-align-left has-neve-text-color-color has-text-color\">ULKO s\u0131v\u0131 solucan g\u00fcbresi, bah\u00e7emde do\u011fal bir canl\u0131l\u0131k ve enerji yaratt\u0131. Bitkilerim daha diren\u00e7li ve parlak, toprak ise daha verimli. Hem \u00e7evre dostu olmas\u0131 hem de etkili sonu\u00e7lar\u0131yla beni tam anlam\u0131yla memnun etti.&#8221;<\/p>\n\n\n\n<p class=\"has-neve-text-color-color has-text-color\">PINAR KU\u015e\u00c7U<\/p>\n\n\n\n<div style=\"height:20px\" aria-hidden=\"true\" class=\"wp-block-spacer\"><\/div>\n<\/div>\n\n\n\n<div class=\"wp-block-column ticss-a5b4df29 is-layout-flow wp-block-column-is-layout-flow\">\n<div style=\"height:24px\" aria-hidden=\"true\" class=\"wp-block-spacer\"><\/div>\n\n\n\n<p class=\"has-text-align-left has-neve-text-color-color has-text-color\">Bu \u00fcr\u00fcn\u00fc kullanmadan \u00f6nce Neoworm&#8217;un ziraat m\u00fchendisleriyle ileti\u015fime ge\u00e7tim. Ald\u0131\u011f\u0131m profesyonel tavsiyeler sayesinde \u00fcr\u00fcn\u00fc do\u011fru \u015fekilde kullanmay\u0131 \u00f6\u011frendim. \u015eimdi bah\u00e7emde g\u00f6rd\u00fc\u011f\u00fcm olumlu de\u011fi\u015fimlere inanam\u0131yorum. Kesinlikle tavsiye ederim<\/p>\n\n\n\n<p class=\"has-neve-text-color-color has-text-color\">HAKAN KARATEPE<\/p>\n\n\n\n<div style=\"height:20px\" aria-hidden=\"true\" class=\"wp-block-spacer\"><\/div>\n<\/div>\n<\/div>\n\n\n\n<div style=\"height:30px\" aria-hidden=\"true\" class=\"wp-block-spacer\"><\/div>\n<\/div><\/div>\n\n\n\n<div class=\"wp-block-cover alignfull\" style=\"min-height:300px\"><span aria-hidden=\"true\" class=\"wp-block-cover__background has-nv-dark-bg-background-color has-background-dim\"><\/span><img loading=\"lazy\" decoding=\"async\" width=\"2560\" height=\"1065\" class=\"wp-block-cover__image-background wp-image-392\" alt=\"\" src=\"http:\/\/www.neoworm.com\/wp-content\/uploads\/2024\/01\/IMG_0781-scaled-e1705743385670.jpeg\" style=\"object-position:45% 96%\" data-object-fit=\"cover\" data-object-position=\"45% 96%\" srcset=\"http:\/\/www.neoworm.com\/wp-content\/uploads\/2024\/01\/IMG_0781-scaled-e1705743385670.jpeg 2560w, http:\/\/www.neoworm.com\/wp-content\/uploads\/2024\/01\/IMG_0781-scaled-e1705743385670-300x125.jpeg 300w, http:\/\/www.neoworm.com\/wp-content\/uploads\/2024\/01\/IMG_0781-scaled-e1705743385670-1024x426.jpeg 1024w, http:\/\/www.neoworm.com\/wp-content\/uploads\/2024\/01\/IMG_0781-scaled-e1705743385670-768x320.jpeg 768w, http:\/\/www.neoworm.com\/wp-content\/uploads\/2024\/01\/IMG_0781-scaled-e1705743385670-1536x639.jpeg 1536w, http:\/\/www.neoworm.com\/wp-content\/uploads\/2024\/01\/IMG_0781-scaled-e1705743385670-2048x852.jpeg 2048w, http:\/\/www.neoworm.com\/wp-content\/uploads\/2024\/01\/IMG_0781-scaled-e1705743385670-1920x799.jpeg 1920w\" sizes=\"(max-width: 2560px) 100vw, 2560px\" \/><div class=\"wp-block-cover__inner-container is-layout-flow wp-block-cover-is-layout-flow\">\n<div style=\"height:140px\" aria-hidden=\"true\" class=\"wp-block-spacer\"><\/div>\n\n\n\n<div class=\"wp-block-buttons is-horizontal is-content-justification-center is-layout-flex wp-container-core-buttons-layout-4 wp-block-buttons-is-layout-flex\"><\/div>\n\n\n\n<div style=\"height:140px\" aria-hidden=\"true\" class=\"wp-block-spacer\"><\/div>\n<\/div><\/div>\n","protected":false},"excerpt":{"rendered":"<p>Do\u011fadan Esinlenen Besleyici Form\u00fcl S\u0131v\u0131 Formuyla H\u0131zl\u0131 N\u00fcfuz, Zengin Toprak Bu \u00f6zel g\u00fcbre, s\u0131v\u0131 formu sayesinde bitki k\u00f6klerine h\u0131zla n\u00fcfuz eder, topra\u011f\u0131n\u0131z\u0131 zenginle\u015ftirir ve do\u011fal b\u00fcy\u00fcmeyi destekler. \u00c7evre Dostu Tar\u0131m\u0131n Anahtar\u0131 Organik s\u0131v\u0131 solucan g\u00fcbresi, \u00e7evreye duyarl\u0131 bir yakla\u015f\u0131mla \u00fcretilmi\u015f olup, \u00e7evre dostu tar\u0131m\u0131n temelini olu\u015fturarak sa\u011fl\u0131kl\u0131 bir bah\u00e7e deneyimi sunar.<\/p>\n","protected":false},"author":1,"featured_media":0,"parent":0,"menu_order":0,"comment_status":"closed","ping_status":"closed","template":"","meta":{"saved_in_kubio":true,"_themeisle_gutenberg_block_has_review":false,"footnotes":""},"kubio_ai_page_context":{"short_desc":"","purpose":"general"},"_links":{"self":[{"href":"http:\/\/www.neoworm.com\/index.php\/wp-json\/wp\/v2\/pages\/309"}],"collection":[{"href":"http:\/\/www.neoworm.com\/index.php\/wp-json\/wp\/v2\/pages"}],"about":[{"href":"http:\/\/www.neoworm.com\/index.php\/wp-json\/wp\/v2\/types\/page"}],"author":[{"embeddable":true,"href":"http:\/\/www.neoworm.com\/index.php\/wp-json\/wp\/v2\/users\/1"}],"replies":[{"embeddable":true,"href":"http:\/\/www.neoworm.com\/index.php\/wp-json\/wp\/v2\/comments?post=309"}],"version-history":[{"count":7,"href":"http:\/\/www.neoworm.com\/index.php\/wp-json\/wp\/v2\/pages\/309\/revisions"}],"predecessor-version":[{"id":399,"href":"http:\/\/www.neoworm.com\/index.php\/wp-json\/wp\/v2\/pages\/309\/revisions\/399"}],"wp:attachment":[{"href":"http:\/\/www.neoworm.com\/index.php\/wp-json\/wp\/v2\/media?parent=309"}],"curies":[{"name":"wp","href":"https:\/\/api.w.org\/{rel}","templated":true}]}}