{"id":16,"date":"2024-01-19T18:59:55","date_gmt":"2024-01-19T18:59:55","guid":{"rendered":"http:\/\/www.neoworm.com\/index.php\/blog\/"},"modified":"2024-01-20T14:08:29","modified_gmt":"2024-01-20T14:08:29","slug":"blog","status":"publish","type":"page","link":"http:\/\/www.neoworm.com\/index.php\/blog\/","title":{"rendered":"Bize Ula\u015f\u0131n"},"content":{"rendered":"\n<p>SEYMEN K\u00d6Y\u00dc KESTEK BURS<\/p>\n\n\n\n<p><a href=\"https:\/\/www.google.com\/maps\/place\/NEOWORM+BURSA+SOLUCAN+G\u00dcBRES\u0130,+BURSA+SOLUCAN+MAMASI+VE+KIRMIZI+KAL\u0130FORN\u0130YA+SOLUCANI\/@40.218766,29.397767,15z\/data=!4m6!3m5!1s0x14ca4b3cfdb6f1cb:0x9c5259cfed22f56d!8m2!3d40.218766!4d29.397767!16s%2Fg%2F11g887_1wl?entry=ttu\" target=\"_blank\" rel=\"noreferrer noopener\">https:\/\/www.google.com\/maps\/place\/NEOWORM+BURSA+SOLUCAN+G\u00dcBRES\u0130,+BURSA+SOLUCAN+MAMASI+VE+KIRMIZI+KAL\u0130FORN\u0130YA+SOLUCANI\/@40.218766,29.397767,15z\/data=!4m6!3m5!1s0x14ca4b3cfdb6f1cb:0x9c5259cfed22f56d!8m2!3d40.218766!4d29.397767!16s%2Fg%2F11g887_1wl?entry=ttu<\/a><\/p>\n\n\n\n<p><\/p>\n","protected":false},"excerpt":{"rendered":"<p>SEYMEN K\u00d6Y\u00dc KESTEK BURS https:\/\/www.google.com\/maps\/place\/NEOWORM+BURSA+SOLUCAN+G\u00dcBRES\u0130,+BURSA+SOLUCAN+MAMASI+VE+KIRMIZI+KAL\u0130FORN\u0130YA+SOLUCANI\/@40.218766,29.397767,15z\/data=!4m6!3m5!1s0x14ca4b3cfdb6f1cb:0x9c5259cfed22f56d!8m2!3d40.218766!4d29.397767!16s%2Fg%2F11g887_1wl?entry=ttu<\/p>\n","protected":false},"author":1,"featured_media":0,"parent":0,"menu_order":0,"comment_status":"closed","ping_status":"closed","template":"","meta":{"saved_in_kubio":false,"_themeisle_gutenberg_block_has_review":false,"footnotes":""},"kubio_ai_page_context":{"short_desc":"","purpose":"general"},"_links":{"self":[{"href":"http:\/\/www.neoworm.com\/index.php\/wp-json\/wp\/v2\/pages\/16"}],"collection":[{"href":"http:\/\/www.neoworm.com\/index.php\/wp-json\/wp\/v2\/pages"}],"about":[{"href":"http:\/\/www.neoworm.com\/index.php\/wp-json\/wp\/v2\/types\/page"}],"author":[{"embeddable":true,"href":"http:\/\/www.neoworm.com\/index.php\/wp-json\/wp\/v2\/users\/1"}],"replies":[{"embeddable":true,"href":"http:\/\/www.neoworm.com\/index.php\/wp-json\/wp\/v2\/comments?post=16"}],"version-history":[{"count":3,"href":"http:\/\/www.neoworm.com\/index.php\/wp-json\/wp\/v2\/pages\/16\/revisions"}],"predecessor-version":[{"id":405,"href":"http:\/\/www.neoworm.com\/index.php\/wp-json\/wp\/v2\/pages\/16\/revisions\/405"}],"wp:attachment":[{"href":"http:\/\/www.neoworm.com\/index.php\/wp-json\/wp\/v2\/media?parent=16"}],"curies":[{"name":"wp","href":"https:\/\/api.w.org\/{rel}","templated":true}]}}